{"id":2470,"date":"2024-07-16T08:34:57","date_gmt":"2024-07-16T08:34:57","guid":{"rendered":"https:\/\/laurent.qodeinteractive.com\/elementor\/?page_id=2470"},"modified":"2026-04-09T15:05:56","modified_gmt":"2026-04-09T13:05:56","slug":"inicio","status":"publish","type":"page","link":"https:\/\/laespigaibiza.com\/en\/","title":{"rendered":"Home"},"content":{"rendered":"<div data-elementor-type=\"wp-page\" data-elementor-id=\"2470\" class=\"elementor elementor-2470\">\n\t\t\t\t<div class=\"elementor-element elementor-element-ddb7cf4 e-flex e-con-boxed e-con e-parent\" data-id=\"ddb7cf4\" data-element_type=\"container\">\n\t\t\t\t\t<div class=\"e-con-inner\">\n\t\t\t\t<div class=\"elementor-element elementor-element-c772432 elementor-widget elementor-widget-image\" data-id=\"c772432\" data-element_type=\"widget\" data-widget_type=\"image.default\">\n\t\t\t\t<div class=\"elementor-widget-container\">\n\t\t\t\t\t\t\t\t\t\t\t\t\t\t\t<img decoding=\"async\" width=\"37\" height=\"33\" src=\"https:\/\/laespigaibiza.com\/wp-content\/uploads\/2025\/06\/logoEspiga.svg\" class=\"attachment-large size-large wp-image-5115\" alt=\"\" \/>\t\t\t\t\t\t\t\t\t\t\t\t\t\t\t<\/div>\n\t\t\t\t<\/div>\n\t\t\t\t\t<\/div>\n\t\t\t\t<\/div>\n\t\t\t\t<section class=\"elementor-section elementor-top-section elementor-element elementor-element-3e2166e eltdf-content-aligment-center elementor-section-boxed elementor-section-height-default elementor-section-height-default eltdf-parallax-row-no eltdf-elementor-row-grid-no eltdf-disabled-bg-image-bellow-no\" data-id=\"3e2166e\" data-element_type=\"section\">\n\t\t\t\t\t\t<div class=\"elementor-container elementor-column-gap-default\">\n\t\t\t\t\t<div class=\"elementor-column elementor-col-100 elementor-top-column elementor-element elementor-element-5fbea34\" data-id=\"5fbea34\" data-element_type=\"column\">\n\t\t\t<div class=\"elementor-widget-wrap\">\n\t\t\t\t\t\t\t<\/div>\n\t\t<\/div>\n\t\t\t\t\t<\/div>\n\t\t<\/section>\n\t\t\t\t<section class=\"elementor-section elementor-top-section elementor-element elementor-element-18e5598 eltdf-elementor-row-grid-section elementor-section-boxed elementor-section-height-default elementor-section-height-default eltdf-parallax-row-no eltdf-content-aligment-left eltdf-disabled-bg-image-bellow-no\" data-id=\"18e5598\" data-element_type=\"section\" id=\"nosotros\">\n\t\t\t\t\t\t<div class=\"elementor-container elementor-column-gap-default\">\n\t\t\t\t\t<div class=\"elementor-column elementor-col-100 elementor-top-column elementor-element elementor-element-e728d25\" data-id=\"e728d25\" data-element_type=\"column\">\n\t\t\t<div class=\"elementor-widget-wrap elementor-element-populated\">\n\t\t\t\t\t\t<div class=\"elementor-element elementor-element-4082f47 elementor-widget-mobile__width-auto elementor-widget elementor-widget-eltdf_section_title\" data-id=\"4082f47\" data-element_type=\"widget\" data-widget_type=\"eltdf_section_title.default\">\n\t\t\t\t<div class=\"elementor-widget-container\">\n\t\t\t\t\t<div class=\"eltdf-section-title-holder\" style=\"text-align: center\">\n\t<div class=\"eltdf-st-inner\">\n        \t\t            <div class=\"eltdf-st-title-holder\">\n                                <h3 class=\"eltdf-st-title\" >\n                    ABOUT US                <\/h3>\n                            <\/div>\n\t\t\t\t\t\t\t<p class=\"eltdf-st-text\" >\n\t\t\t\tWe come from a renowned family of hoteliers in the Basque Country, bringing with us the purest tradition of amatxo's cooking. <br> <br>\n\nWe are located in San Jos\u00e9, Ibiza, and we are the most authentic Basque bistro on the island. Our mission is to make you feel surrounded by the warmth and timeless Basque spirit.  <br> <br>\n\nWe are the new meeting point for lovers of good cuisine on the island of Ibiza.\n\t\t\t<\/p>\n\t\t\t\t\t<\/div>\n<\/div>\t\t\t\t<\/div>\n\t\t\t\t<\/div>\n\t\t\t\t\t<\/div>\n\t\t<\/div>\n\t\t\t\t\t<\/div>\n\t\t<\/section>\n\t\t<div class=\"elementor-element elementor-element-c4ac54c e-flex e-con-boxed e-con e-parent\" data-id=\"c4ac54c\" data-element_type=\"container\">\n\t\t\t\t\t<div class=\"e-con-inner\">\n\t\t\t\t<div class=\"elementor-element elementor-element-b4d8f31 elementor-arrows-position-outside elementor-pagination-position-inside elementor-widget__width-inherit elementor-widget elementor-widget-image-carousel\" data-id=\"b4d8f31\" data-element_type=\"widget\" data-settings=\"{&quot;slides_to_show&quot;:&quot;2&quot;,&quot;navigation&quot;:&quot;both&quot;,&quot;autoplay&quot;:&quot;yes&quot;,&quot;pause_on_hover&quot;:&quot;yes&quot;,&quot;pause_on_interaction&quot;:&quot;yes&quot;,&quot;autoplay_speed&quot;:5000,&quot;infinite&quot;:&quot;yes&quot;,&quot;speed&quot;:500,&quot;image_spacing_custom&quot;:{&quot;unit&quot;:&quot;px&quot;,&quot;size&quot;:20,&quot;sizes&quot;:[]},&quot;image_spacing_custom_tablet&quot;:{&quot;unit&quot;:&quot;px&quot;,&quot;size&quot;:&quot;&quot;,&quot;sizes&quot;:[]},&quot;image_spacing_custom_mobile&quot;:{&quot;unit&quot;:&quot;px&quot;,&quot;size&quot;:&quot;&quot;,&quot;sizes&quot;:[]}}\" data-widget_type=\"image-carousel.default\">\n\t\t\t\t<div class=\"elementor-widget-container\">\n\t\t\t\t\t\t\t<div class=\"elementor-image-carousel-wrapper swiper\" role=\"region\" aria-roledescription=\"carousel\" aria-label=\"Carrusel de im\u00e1genes\" dir=\"ltr\">\n\t\t\t<div class=\"elementor-image-carousel swiper-wrapper\" aria-live=\"off\">\n\t\t\t\t\t\t\t\t<div class=\"swiper-slide\" role=\"group\" aria-roledescription=\"slide\" aria-label=\"1 of 10\"><figure class=\"swiper-slide-inner\"><img decoding=\"async\" class=\"swiper-slide-image\" src=\"https:\/\/laespigaibiza.com\/wp-content\/uploads\/2025\/07\/laespiga_4-2-768x1152.webp\" alt=\"laespiga_4\" \/><\/figure><\/div><div class=\"swiper-slide\" role=\"group\" aria-roledescription=\"slide\" aria-label=\"2 of 10\"><figure class=\"swiper-slide-inner\"><img decoding=\"async\" class=\"swiper-slide-image\" src=\"https:\/\/laespigaibiza.com\/wp-content\/uploads\/2025\/07\/laespiga_3-2-768x1152.webp\" alt=\"laespiga_3\" \/><\/figure><\/div><div class=\"swiper-slide\" role=\"group\" aria-roledescription=\"slide\" aria-label=\"3 of 10\"><figure class=\"swiper-slide-inner\"><img decoding=\"async\" class=\"swiper-slide-image\" src=\"https:\/\/laespigaibiza.com\/wp-content\/uploads\/2025\/07\/laespiga_1-2-768x1152.webp\" alt=\"laespiga_1\" \/><\/figure><\/div><div class=\"swiper-slide\" role=\"group\" aria-roledescription=\"slide\" aria-label=\"4 of 10\"><figure class=\"swiper-slide-inner\"><img decoding=\"async\" class=\"swiper-slide-image\" src=\"https:\/\/laespigaibiza.com\/wp-content\/uploads\/2025\/07\/laespiga_2-2-768x1152.webp\" alt=\"laespiga_2\" \/><\/figure><\/div><div class=\"swiper-slide\" role=\"group\" aria-roledescription=\"slide\" aria-label=\"5 of 10\"><figure class=\"swiper-slide-inner\"><img decoding=\"async\" class=\"swiper-slide-image\" src=\"https:\/\/laespigaibiza.com\/wp-content\/uploads\/2025\/07\/laespiga_5-3-768x1152.webp\" alt=\"laespiga_5\" \/><\/figure><\/div><div class=\"swiper-slide\" role=\"group\" aria-roledescription=\"slide\" aria-label=\"6 of 10\"><figure class=\"swiper-slide-inner\"><img decoding=\"async\" class=\"swiper-slide-image\" src=\"https:\/\/laespigaibiza.com\/wp-content\/uploads\/2025\/07\/laespiga_4-3-768x1152.webp\" alt=\"laespiga_4\" \/><\/figure><\/div><div class=\"swiper-slide\" role=\"group\" aria-roledescription=\"slide\" aria-label=\"7 of 10\"><figure class=\"swiper-slide-inner\"><img decoding=\"async\" class=\"swiper-slide-image\" src=\"https:\/\/laespigaibiza.com\/wp-content\/uploads\/2025\/07\/laespiga_2-3-768x1152.webp\" alt=\"laespiga_2\" \/><\/figure><\/div><div class=\"swiper-slide\" role=\"group\" aria-roledescription=\"slide\" aria-label=\"8 of 10\"><figure class=\"swiper-slide-inner\"><img decoding=\"async\" class=\"swiper-slide-image\" src=\"https:\/\/laespigaibiza.com\/wp-content\/uploads\/2025\/07\/laespiga_3-3-768x1152.webp\" alt=\"laespiga_3\" \/><\/figure><\/div><div class=\"swiper-slide\" role=\"group\" aria-roledescription=\"slide\" aria-label=\"9 of 10\"><figure class=\"swiper-slide-inner\"><img decoding=\"async\" class=\"swiper-slide-image\" src=\"https:\/\/laespigaibiza.com\/wp-content\/uploads\/2025\/07\/laespiga_1-3-768x1152.webp\" alt=\"laespiga_1\" \/><\/figure><\/div><div class=\"swiper-slide\" role=\"group\" aria-roledescription=\"slide\" aria-label=\"10 of 10\"><figure class=\"swiper-slide-inner\"><img decoding=\"async\" class=\"swiper-slide-image\" src=\"https:\/\/laespigaibiza.com\/wp-content\/uploads\/2025\/07\/laespiga-3-768x1152.webp\" alt=\"laespiga\" \/><\/figure><\/div>\t\t\t<\/div>\n\t\t\t\t\t\t\t\t\t\t\t\t<div class=\"elementor-swiper-button elementor-swiper-button-prev\" role=\"button\" tabindex=\"0\">\n\t\t\t\t\t\t<svg aria-hidden=\"true\" class=\"e-font-icon-svg e-eicon-chevron-left\" viewbox=\"0 0 1000 1000\" xmlns=\"http:\/\/www.w3.org\/2000\/svg\"><path d=\"M646 125C629 125 613 133 604 142L308 442C296 454 292 471 292 487 292 504 296 521 308 533L604 854C617 867 629 875 646 875 663 875 679 871 692 858 704 846 713 829 713 812 713 796 708 779 692 767L438 487 692 225C700 217 708 204 708 187 708 171 704 154 692 142 675 129 663 125 646 125Z\"><\/path><\/svg>\t\t\t\t\t<\/div>\n\t\t\t\t\t<div class=\"elementor-swiper-button elementor-swiper-button-next\" role=\"button\" tabindex=\"0\">\n\t\t\t\t\t\t<svg aria-hidden=\"true\" class=\"e-font-icon-svg e-eicon-chevron-right\" viewbox=\"0 0 1000 1000\" xmlns=\"http:\/\/www.w3.org\/2000\/svg\"><path d=\"M696 533C708 521 713 504 713 487 713 471 708 454 696 446L400 146C388 133 375 125 354 125 338 125 325 129 313 142 300 154 292 171 292 187 292 204 296 221 308 233L563 492 304 771C292 783 288 800 288 817 288 833 296 850 308 863 321 871 338 875 354 875 371 875 388 867 400 854L696 533Z\"><\/path><\/svg>\t\t\t\t\t<\/div>\n\t\t\t\t\n\t\t\t\t\t\t\t\t\t<div class=\"swiper-pagination\"><\/div>\n\t\t\t\t\t\t\t\t\t<\/div>\n\t\t\t\t\t\t<\/div>\n\t\t\t\t<\/div>\n\t\t\t\t\t<\/div>\n\t\t\t\t<\/div>\n\t\t\t\t<section class=\"elementor-section elementor-top-section elementor-element elementor-element-f7918d6 elementor-section-boxed elementor-section-height-default elementor-section-height-default eltdf-parallax-row-no eltdf-content-aligment-left eltdf-elementor-row-grid-no eltdf-disabled-bg-image-bellow-no\" data-id=\"f7918d6\" data-element_type=\"section\">\n\t\t\t\t\t\t<div class=\"elementor-container elementor-column-gap-default\">\n\t\t\t\t\t<div class=\"elementor-column elementor-col-100 elementor-top-column elementor-element elementor-element-4e90a15\" data-id=\"4e90a15\" data-element_type=\"column\">\n\t\t\t<div class=\"elementor-widget-wrap elementor-element-populated\">\n\t\t\t\t\t\t<section class=\"elementor-section elementor-inner-section elementor-element elementor-element-81247a7 elementor-section-full_width eltdf-elementor-row-grid-section elementor-section-height-default elementor-section-height-default eltdf-parallax-row-no eltdf-content-aligment-left eltdf-disabled-bg-image-bellow-no\" data-id=\"81247a7\" data-element_type=\"section\">\n\t\t\t\t\t\t<div class=\"elementor-container elementor-column-gap-default\">\n\t\t\t\t\t<div class=\"elementor-column elementor-col-50 elementor-inner-column elementor-element elementor-element-c37bd81\" data-id=\"c37bd81\" data-element_type=\"column\">\n\t\t\t<div class=\"elementor-widget-wrap elementor-element-populated\">\n\t\t\t\t\t\t<div class=\"elementor-element elementor-element-115967c elementor-widget elementor-widget-eltdf_single_image\" data-id=\"115967c\" data-element_type=\"widget\" data-widget_type=\"eltdf_single_image.default\">\n\t\t\t\t<div class=\"elementor-widget-container\">\n\t\t\t\t\t<div class=\"eltdf-single-image-holder     eltdf-image-appear-from-top\">\n    <div class=\"eltdf-si-inner\" >\n                                                        <img fetchpriority=\"high\" decoding=\"async\" width=\"1080\" height=\"1350\" src=\"https:\/\/laespigaibiza.com\/wp-content\/uploads\/2025\/06\/laespigaibiza_9.jpg\" class=\"attachment-full size-full\" alt=\"\" srcset=\"https:\/\/laespigaibiza.com\/wp-content\/uploads\/2025\/06\/laespigaibiza_9.jpg 1080w, https:\/\/laespigaibiza.com\/wp-content\/uploads\/2025\/06\/laespigaibiza_9-240x300.jpg 240w, https:\/\/laespigaibiza.com\/wp-content\/uploads\/2025\/06\/laespigaibiza_9-819x1024.jpg 819w, https:\/\/laespigaibiza.com\/wp-content\/uploads\/2025\/06\/laespigaibiza_9-768x960.jpg 768w, https:\/\/laespigaibiza.com\/wp-content\/uploads\/2025\/06\/laespigaibiza_9-10x12.jpg 10w\" sizes=\"(max-width: 1080px) 100vw, 1080px\" \/>                                                <\/div>\n<\/div>\t\t\t\t<\/div>\n\t\t\t\t<\/div>\n\t\t\t\t\t<\/div>\n\t\t<\/div>\n\t\t\t\t<div class=\"elementor-column elementor-col-50 elementor-inner-column elementor-element elementor-element-adbccbd\" data-id=\"adbccbd\" data-element_type=\"column\">\n\t\t\t<div class=\"elementor-widget-wrap elementor-element-populated\">\n\t\t\t\t\t\t<div class=\"elementor-element elementor-element-e56dc78 elementor-widget elementor-widget-eltdf_section_title\" data-id=\"e56dc78\" data-element_type=\"widget\" id=\"carta\" data-widget_type=\"eltdf_section_title.default\">\n\t\t\t\t<div class=\"elementor-widget-container\">\n\t\t\t\t\t<div class=\"eltdf-section-title-holder   eltdf-st-title-wrapped eltdf-st-decor-animation\" style=\"text-align: center\">\n\t<div class=\"eltdf-st-inner\">\n                    <span class=\"eltdf-st-tagline\">\n                Recommendations            <\/span>\n        \t\t            <div class=\"eltdf-st-title-holder\">\n                                    <div class=\"decor\"><svg xmlns=\"http:\/\/www.w3.org\/2000\/svg\" width=\"41.125\" height=\"9.146\">\n                            <path fill=\"none\" stroke=\"#9C7C57\" stroke-miterlimit=\"10\" d=\"M40.881 8.576L20.562.591.244 8.576\"\/>\n                            <path fill=\"none\" stroke=\"#9C7C57\" stroke-miterlimit=\"10\" d=\"M40.881.591L20.562 8.576.243.591\"\/>\n                        <\/svg><\/div>\n                                <h3 class=\"eltdf-st-title\" >\n                    OUR MENU                <\/h3>\n                                    <div class=\"decor\"><svg xmlns=\"http:\/\/www.w3.org\/2000\/svg\" width=\"41.125\" height=\"9.146\">\n                            <path fill=\"none\" stroke=\"#9C7C57\" stroke-miterlimit=\"10\" d=\"M40.881 8.576L20.562.591.244 8.576\"\/>\n                            <path fill=\"none\" stroke=\"#9C7C57\" stroke-miterlimit=\"10\" d=\"M40.881.591L20.562 8.576.243.591\"\/>\n                        <\/svg><\/div>\n                            <\/div>\n\t\t\t\t\t\t\t<p class=\"eltdf-st-text\" >\n\t\t\t\tOur menu is designed for the most loyal lovers<br> of Basque cuisine. With fresh, top-quality ingredients, carefully selected, we transport our diners to<br> our homeland.<br><br>\t\t\t<\/p>\n\t\t\t\t\t<\/div>\n<\/div>\t\t\t\t<\/div>\n\t\t\t\t<\/div>\n\t\t\t\t<div class=\"elementor-element elementor-element-c535866 elementor-widget elementor-widget-html\" data-id=\"c535866\" data-element_type=\"widget\" data-widget_type=\"html.default\">\n\t\t\t\t<div class=\"elementor-widget-container\">\n\t\t\t\t\t<div class=\"buttons-menu\">\n<div class=\"eltdf-st-button\" style=\"display: inline-block;\"><a itemprop=\"url\" href=\"https:\/\/laespigaibiza.com\/wp-content\/uploads\/2026\/04\/CARTA_laespiga_abril_2026.pdf\" target=\"_blank\" style=\"margin: 20px 0 0\" class=\"eltdf-btn eltdf-btn-medium eltdf-btn-outline\"><span class=\"eltdf-btn-before-line\" style=\"height: 48px; left: 45px;\"><\/span>        <span class=\"eltdf-btn-text\">Menu<\/span>        <span class=\"eltdf-btn-after-line\" style=\"height: 48px; left: 124.533px;\"><\/span><\/a><\/div>\n\n<div class=\"eltdf-st-button\" style=\"display: inline-block;\"><a itemprop=\"url\" href=\"https:\/\/laespigaibiza.com\/wp-content\/uploads\/2026\/04\/dipticococktails_marzo26.pdf\" target=\"_blank\" style=\"margin: 20px 0 0\" class=\"eltdf-btn eltdf-btn-medium eltdf-btn-outline\"><span class=\"eltdf-btn-before-line\" style=\"height: 48px; left: 45px;\"><\/span>        <span class=\"eltdf-btn-text\">Bebidas<\/span>        <span class=\"eltdf-btn-after-line\" style=\"height: 48px; left: 124.533px;\"><\/span><\/a><\/div>\n\n\n<\/div>\t\t\t\t<\/div>\n\t\t\t\t<\/div>\n\t\t\t\t\t<\/div>\n\t\t<\/div>\n\t\t\t\t\t<\/div>\n\t\t<\/section>\n\t\t\t\t\t<\/div>\n\t\t<\/div>\n\t\t\t\t\t<\/div>\n\t\t<\/section>\n\t\t<div class=\"eltdf-elementor-row-with-pattern\"><div class=\"eltdf-svg-pattern-holder eltdf-pattern-position-left\" style=\"transform: translateY(110px)\"><svg xmlns=\"http:\/\/www.w3.org\/2000\/svg\" width=\"224.136\" height=\"259.25\"><path fill=\"none\" stroke=\"#9A7D57\" stroke-width=\"1.5\" stroke-miterlimit=\"10\" d=\"M59.649 23.735L-.405 58.472m0 0l61.352 35.511 59.834-34.631m61.557 104.892L60.946 93.982-.412 129.466m0 .001l61.358 35.514 120.965-70.015m-60.704 104.893L60.946 164.98-.406 200.467m.001.001l60.48 35.007M-.408 45.049L38.218 22.99-.408.938m-.003 115.07l38.629-22.059L-.403 71.913m-.003 115.129l38.624-22.056-38.621-22.035m-.008 115.132l38.629-22.099-38.621-22.035M40.591 82.201H58.03l41.521-23.713-41.577-23.72H40.591m0 118.431H58.03l41.521-23.713-41.578-23.721H40.591m0 118.432H58.03l41.521-23.713-41.578-23.721H40.591m61.332-59.103h17.439l41.521-23.711-41.578-23.723h-17.383m.001 118.471h17.439l41.521-23.711-41.578-23.723h-17.383m61.335 11.936h17.439l41.521-23.713-41.578-23.721h-17.383M-.406 31.404l14.737-8.418-14.739-8.41m.003 87.826l14.736-8.418-14.742-8.411m-.001 87.83l14.743-8.421-14.742-8.41m.008 87.824l14.734-8.416-14.742-8.411M20.038 70.305h34.934l20.693-11.818-20.723-11.825H20.038m0 94.641h34.934l20.693-11.818-20.723-11.825H20.038m0 94.641h34.934l20.693-11.818-20.723-11.824H20.038m61.332-82.893h34.934l20.693-11.82-20.723-11.822H81.37m0 94.679h34.934l20.693-11.82-20.723-11.822H81.37m61.334-11.858h34.934l20.693-11.818-20.723-11.824h-34.904M55.79 58.484H-.261m56.051 70.998H-.261M55.79 200.48H-.261M117.122 93.982H61.071m56.051 70.998H61.071m117.383-35.498h-56.051\"\/><\/svg><\/div>\t\t<section class=\"elementor-section elementor-top-section elementor-element elementor-element-757e654 eltdf-elementor-row-grid-section elementor-section-boxed elementor-section-height-default elementor-section-height-default eltdf-parallax-row-no eltdf-content-aligment-left eltdf-disabled-bg-image-bellow-no\" data-id=\"757e654\" data-element_type=\"section\">\n\t\t\t\t\t\t\t<div class=\"elementor-background-overlay\"><\/div>\n\t\t\t\t\t\t\t<div class=\"elementor-container elementor-column-gap-default\">\n\t\t\t\t\t<div class=\"elementor-column elementor-col-100 elementor-top-column elementor-element elementor-element-5bb8cdc\" data-id=\"5bb8cdc\" data-element_type=\"column\">\n\t\t\t<div class=\"elementor-widget-wrap elementor-element-populated\">\n\t\t\t\t\t\t<div class=\"elementor-element elementor-element-d85e73c elementor-widget elementor-widget-eltdf_section_title\" data-id=\"d85e73c\" data-element_type=\"widget\" id=\"reservas\" data-widget_type=\"eltdf_section_title.default\">\n\t\t\t\t<div class=\"elementor-widget-container\">\n\t\t\t\t\t<div class=\"eltdf-section-title-holder    eltdf-st-decor-animation\" style=\"text-align: center\">\n\t<div class=\"eltdf-st-inner\">\n                    <span class=\"eltdf-st-tagline\">\n                Book            <\/span>\n        \t\t            <div class=\"eltdf-st-title-holder\">\n                                    <div class=\"decor\"><svg xmlns=\"http:\/\/www.w3.org\/2000\/svg\" width=\"41.125\" height=\"9.146\">\n                            <path fill=\"none\" stroke=\"#9C7C57\" stroke-miterlimit=\"10\" d=\"M40.881 8.576L20.562.591.244 8.576\"\/>\n                            <path fill=\"none\" stroke=\"#9C7C57\" stroke-miterlimit=\"10\" d=\"M40.881.591L20.562 8.576.243.591\"\/>\n                        <\/svg><\/div>\n                                <h3 class=\"eltdf-st-title\" >\n                    YOUR TABLE                <\/h3>\n                                    <div class=\"decor\"><svg xmlns=\"http:\/\/www.w3.org\/2000\/svg\" width=\"41.125\" height=\"9.146\">\n                            <path fill=\"none\" stroke=\"#9C7C57\" stroke-miterlimit=\"10\" d=\"M40.881 8.576L20.562.591.244 8.576\"\/>\n                            <path fill=\"none\" stroke=\"#9C7C57\" stroke-miterlimit=\"10\" d=\"M40.881.591L20.562 8.576.243.591\"\/>\n                        <\/svg><\/div>\n                            <\/div>\n\t\t\t\t\t\t\t<\/div>\n<\/div>\t\t\t\t<\/div>\n\t\t\t\t<\/div>\n\t\t\t\t<div class=\"elementor-element elementor-element-b7e47d6 elementor-align-center elementor-widget elementor-widget-button\" data-id=\"b7e47d6\" data-element_type=\"widget\" data-widget_type=\"button.default\">\n\t\t\t\t<div class=\"elementor-widget-container\">\n\t\t\t\t\t\t\t\t\t<div class=\"elementor-button-wrapper\">\n\t\t\t\t\t<a class=\"elementor-button elementor-button-link elementor-size-sm\" href=\"https:\/\/laespigaibiza.myrestoo.net\/en\/reservar\">\n\t\t\t\t\t\t<span class=\"elementor-button-content-wrapper\">\n\t\t\t\t\t\t\t\t\t<span class=\"elementor-button-text\">BOOK<\/span>\n\t\t\t\t\t<\/span>\n\t\t\t\t\t<\/a>\n\t\t\t\t<\/div>\n\t\t\t\t\t\t\t\t<\/div>\n\t\t\t\t<\/div>\n\t\t\t\t\t<\/div>\n\t\t<\/div>\n\t\t\t\t\t<\/div>\n\t\t<\/section>\n\t\t<\/div>\t\t<section class=\"elementor-section elementor-top-section elementor-element elementor-element-8a6ddba eltdf-elementor-row-grid-section elementor-section-boxed elementor-section-height-default elementor-section-height-default eltdf-parallax-row-no eltdf-content-aligment-left eltdf-disabled-bg-image-bellow-no\" data-id=\"8a6ddba\" data-element_type=\"section\">\n\t\t\t\t\t\t<div class=\"elementor-container elementor-column-gap-default\">\n\t\t\t\t\t<div class=\"elementor-column elementor-col-100 elementor-top-column elementor-element elementor-element-2a31a1a\" data-id=\"2a31a1a\" data-element_type=\"column\">\n\t\t\t<div class=\"elementor-widget-wrap elementor-element-populated\">\n\t\t\t\t\t\t<div class=\"elementor-element elementor-element-21ffa90 elementor-widget elementor-widget-eltdf_section_title\" data-id=\"21ffa90\" data-element_type=\"widget\" id=\"contacto\" data-widget_type=\"eltdf_section_title.default\">\n\t\t\t\t<div class=\"elementor-widget-container\">\n\t\t\t\t\t<div class=\"eltdf-section-title-holder\" style=\"text-align: center\">\n\t<div class=\"eltdf-st-inner\">\n        \t\t            <div class=\"eltdf-st-title-holder\">\n                                <h3 class=\"eltdf-st-title\" >\n                    CONTACT US                <\/h3>\n                            <\/div>\n\t\t\t\t\t\t\t<\/div>\n<\/div>\t\t\t\t<\/div>\n\t\t\t\t<\/div>\n\t\t\t\t\t<\/div>\n\t\t<\/div>\n\t\t\t\t\t<\/div>\n\t\t<\/section>\n\t\t<div class=\"elementor-element elementor-element-26c0eec e-flex e-con-boxed e-con e-parent\" data-id=\"26c0eec\" data-element_type=\"container\">\n\t\t\t\t\t<div class=\"e-con-inner\">\n\t\t\t\t<div class=\"elementor-element elementor-element-9182ce1 elementor-widget__width-initial elementor-widget elementor-widget-google_maps\" data-id=\"9182ce1\" data-element_type=\"widget\" data-widget_type=\"google_maps.default\">\n\t\t\t\t<div class=\"elementor-widget-container\">\n\t\t\t\t\t\t\t<div class=\"elementor-custom-embed\">\n\t\t\t<iframe loading=\"lazy\"\n\t\t\t\t\tsrc=\"https:\/\/maps.google.com\/maps?q=La%20Espiga%20Ibiza%203&#038;t=m&#038;z=11&#038;output=embed&#038;iwloc=near\"\n\t\t\t\t\ttitle=\"La Espiga Ibiza 3\"\n\t\t\t\t\taria-label=\"La Espiga Ibiza 3\"\n\t\t\t><\/iframe>\n\t\t<\/div>\n\t\t\t\t\t\t<\/div>\n\t\t\t\t<\/div>\n\t\t\t\t\t<\/div>\n\t\t\t\t<\/div>\n\t\t<div class=\"elementor-element elementor-element-881128e e-flex e-con-boxed e-con e-parent\" data-id=\"881128e\" data-element_type=\"container\">\n\t\t\t\t\t<div class=\"e-con-inner\">\n\t\t\t\t<div class=\"elementor-element elementor-element-fffb90a elementor-widget elementor-widget-qi_addons_for_elementor_section_title\" data-id=\"fffb90a\" data-element_type=\"widget\" data-widget_type=\"qi_addons_for_elementor_section_title.default\">\n\t\t\t\t<div class=\"elementor-widget-container\">\n\t\t\t\t\t<div class=\"qodef-shortcode qodef-m qodef-qi-section-title qodef-decoration--italic qodef-link--underline-draw qodef-subtitle-icon--left\">\n\t\t\t\t\t\t\t\t<div class=\"qodef-m-text\"><p style=\"text-align: center\">Pere Escanellas,3<\/p><p style=\"text-align: center\">SANT JOSEP DE SA TALAIA<\/p><p style=\"text-align: center\">IBIZA<\/p><p style=\"text-align: center\">T. (+34) 971 389 202<\/p><p>\u00a0<\/p><\/div>\n\t<\/div>\n\t\t\t\t<\/div>\n\t\t\t\t<\/div>\n\t\t\t\t\t<\/div>\n\t\t\t\t<\/div>\n\t\t\t\t<\/div>","protected":false},"excerpt":{"rendered":"<p>NOSOTROS Venimos de una familia de hosteleros de renombre del Pa\u00eds Vasco y traemos con nosotros la tradici\u00f3n m\u00e1s pura de la cocina de la amatxo. Estamos situados en San Jos\u00e9, Ibiza, y somos el bistro basque m\u00e1s aut\u00e9ntico de [&hellip;]<\/p>","protected":false},"author":4,"featured_media":0,"parent":0,"menu_order":0,"comment_status":"closed","ping_status":"closed","template":"full-width.php","meta":{"footnotes":""},"class_list":["post-2470","page","type-page","status-publish","hentry"],"_links":{"self":[{"href":"https:\/\/laespigaibiza.com\/en\/wp-json\/wp\/v2\/pages\/2470"}],"collection":[{"href":"https:\/\/laespigaibiza.com\/en\/wp-json\/wp\/v2\/pages"}],"about":[{"href":"https:\/\/laespigaibiza.com\/en\/wp-json\/wp\/v2\/types\/page"}],"author":[{"embeddable":true,"href":"https:\/\/laespigaibiza.com\/en\/wp-json\/wp\/v2\/users\/4"}],"replies":[{"embeddable":true,"href":"https:\/\/laespigaibiza.com\/en\/wp-json\/wp\/v2\/comments?post=2470"}],"version-history":[{"count":368,"href":"https:\/\/laespigaibiza.com\/en\/wp-json\/wp\/v2\/pages\/2470\/revisions"}],"predecessor-version":[{"id":5219,"href":"https:\/\/laespigaibiza.com\/en\/wp-json\/wp\/v2\/pages\/2470\/revisions\/5219"}],"wp:attachment":[{"href":"https:\/\/laespigaibiza.com\/en\/wp-json\/wp\/v2\/media?parent=2470"}],"curies":[{"name":"wp","href":"https:\/\/api.w.org\/{rel}","templated":true}]}}